{"id":256,"date":"2025-08-19T14:04:24","date_gmt":"2025-08-19T12:04:24","guid":{"rendered":"https:\/\/p696787.mittwaldserver.info\/imprint\/"},"modified":"2025-12-02T11:45:49","modified_gmt":"2025-12-02T10:45:49","slug":"imprint","status":"publish","type":"page","link":"https:\/\/www.der-baron.at\/en\/imprint\/","title":{"rendered":"Imprint"},"content":{"rendered":"\n<div class=\"wp-block-group container mt-md mb-md is-layout-constrained wp-block-group-is-layout-constrained\">\n<h1 class=\"wp-block-heading\">Imprint<\/h1>\n\n\n\n<p>Information obligation according to \u00a75 E-Commerce Law (ECG), \u00a714 Corporate Code or \u00a763 Trade Regulations and Disclosure Obligation according to \u00a725 Media Act<\/p>\n\n\n\n<h2 class=\"wp-block-heading\">Der Baron OG<\/h2>\n\n\n\n<p>Represented by: Andreas Fr\u00fchwirt &amp; Axel Kronberger<\/p>\n\n\n\n<p>Glocknerstra\u00dfe 64<br\/>5671 Bruck an der Glocknerstra\u00dfe<\/p>\n\n\n\n<p>Phone: <a href=\"tel:+436645246667\">+43 664 524 66 67<\/a><br\/>E-Mail: <a href=\"mailto:office@knoedelbaron.at\">office@knoedelbaron.at<\/a><\/p>\n\n\n\n<p><a href=\"http:\/\/www.der-baron.at\" data-type=\"link\" data-id=\"http:\/\/www.der-baron.at\">www.der-baron.at<\/a><\/p>\n\n\n\n<p>Legal form: OG<br\/>Company register: FN 331675 h<br\/>UID: ATU65169827<br\/>Professional Group: Gastronomy<br\/>Authority in accordance with ECG: Bezirkshauptmannschaft Zell am See<br\/>Control authority: Landesgericht Salzburg<br\/>Member of: Wirtschaftskammer Salzburg <\/p>\n\n\n\n<p>More info: <a href=\"https:\/\/firmen.wko.at\/der-kn%C3%B6delbaron-og\/salzburg\/?firmaid=5f53a023-4289-4388-bb27-297a5389527a\" data-type=\"link\" data-id=\"https:\/\/firmen.wko.at\/der-kn%C3%B6delbaron-og\/salzburg\/?firmaid=5f53a023-4289-4388-bb27-297a5389527a\" target=\"_blank\" rel=\"noreferrer noopener\">Wirtschaftskammer \u00d6sterreich<\/a><\/p>\n\n\n\n<h2 class=\"wp-block-heading\">Webdesign, Concept &amp; Programming<\/h2>\n\n\n\n<p>Nill Marketing GmbH | <a href=\"http:\/\/www.nill.at\" target=\"_blank\" rel=\"noreferrer noopener\">www.nill.at<\/a><\/p>\n\n\n\n<h2 class=\"wp-block-heading\">Sources for the images and graphics used<\/h2>\n\n\n\n<p>Roland H\u00f6lzl Fotografie, Nill Marketing GmbH<\/p>\n\n\n\n<h2 class=\"wp-block-heading\">Disclaimer<\/h2>\n\n\n\n<h3 class=\"wp-block-heading\">Responsible for contents<\/h3>\n\n\n\n<p>As a service provider, we are responsible for our own content on these pages according to the general laws. However, as a service provider, we are not obliged to monitor transmitted or stored third-party information or to investigate circumstances that indicate illegal activity. Obligations to remove or block the use of information under general law remain unaffected. A liability in this regard, however, is only possible from the date of knowledge of a specific infringement. Upon notification of appropriate violations, we will remove this content immediately.    <\/p>\n\n\n\n<p>There is no guarantee for the topicality, correctness, completeness or quality of the information provided. Liability claims that relate to material or immaterial nature caused by the use or non-use of the information provided or by the use of incorrect and incomplete information are excluded unless a proven willful or grossly negligent fault can be demonstrated or is present. <\/p>\n\n\n\n<p>All offers are non-binding. The service provider expressly reserves the right to change, supplement or delete parts of the pages or the entire offer without separate announcement or to stop the publication temporarily or permanently. <\/p>\n\n\n\n<h2 class=\"wp-block-heading\">Liability for links<\/h2>\n\n\n\n<p>Or offer contains links to external third party websites, on whose content we have no influence. For that reason we also accept no responsibility for this external content. The respective service provider or operator of the site is responsible for these sites. Linked sites are checked at the point the link is made for any possible legal infringements. Unlawful contents were not detected at the time of the link setting. A permanent inspection of contents of linked sites is however not feasible without concrete anecdotal evidence of legal infringement. When we become aware of any legal infringements we will remove these links straight away.      <\/p>\n\n\n\n<h3 class=\"wp-block-heading\">Copyright law<\/h3>\n\n\n\n<p>The content and items presented by the site operators on this site is subject to German copyright law. Reproduction, adaptation, distribution and any kind of utilisation outside of the boundaries of this copyright law require approval in writing of the respective author or creator.  Downloads and copies of this site are permitted for private, non-commercial use only. In so far as the contents of this site have not been created by the operator, the copyrights of third party supplies are to be heeded. Content from third parties is marked as such. Should you become aware of any copyright infringement we would ask you to please let us know. When we become aware of any infringements of rights, any such content will be removed straight away.<\/p>\n\n\n\n<h2 class=\"wp-block-heading\">Important information about the online offer<\/h2>\n\n\n\n<h3 class=\"wp-block-heading\">Note EU mediation<\/h3>\n\n\n\n<p>The European Commission offers the possibility for online dispute resolution on one of their powered platform (so-called. &#8220;ODR platform&#8221;). The OS platform can serve as a focal point for the extra-judicial settlement of disputes arising from online sales contracts or service contracts. This platform can be reached <a href=\"http:\/\/ec.europa.eu\/consumers\/odr\" target=\"_blank\" rel=\"noreferrer noopener\">http:\/\/ec.europa.eu\/consumers\/odr<\/a> via the external link.<\/p>\n\n\n\n<h3 class=\"wp-block-heading\">Gender equality<\/h3>\n\n\n\n<p>For the purposes of the readability of the website or in texts on the supervised social channels, either selected male or female form of personal names. This implies no discrimination of the opposite sex. For example, by visitors or employees is spoken, visitors and staff are of course just meant. All information and content related to women and men alike.<\/p>\n\n\n\n<h3 class=\"wp-block-heading\">Accessibility<\/h3>\n\n\n\n<p>We attach great importance to the accessibility of our website and have optimized it in accordance with current accessibility regulations. Our goal is to enable all users, regardless of any limitations they may have, to enjoy unrestricted use of the content. However, if you notice any barriers or have suggestions for improvement, we would appreciate your feedback. You can reach us at any time at [e-mail].<\/p>\n\n\n\n<h3 class=\"wp-block-heading\">Objection to advertising emails<\/h3>\n\n\n\n<p>We hereby object to the use of contact data published within the scope of the imprint obligation for sending unsolicited advertising and information materials. We hereby object to the use of contact data published within the scope of the imprint obligation for sending unsolicited advertising and information materials.<\/p>\n<\/div>\n","protected":false},"excerpt":{"rendered":"<p>Imprint Information obligation according to \u00a75 E-Commerce Law (ECG), \u00a714 Corporate Code or \u00a763 Trade Regulations and Disclosure Obligation according to \u00a725 Media Act Der Baron OG Represented by: Andreas Fr\u00fchwirt &amp; Axel Kronberger Glocknerstra\u00dfe 645671 Bruck an der Glocknerstra\u00dfe Phone: +43 664 524 66 67E-Mail: office@knoedelbaron.at www.der-baron.at Legal form: OGCompany register: FN 331675 hUID: [&hellip;]<\/p>\n","protected":false},"author":1,"featured_media":0,"parent":0,"menu_order":0,"comment_status":"closed","ping_status":"closed","template":"","meta":{"_acf_changed":false,"branch-title":"","branch-location":"","job-location":"Dreifaltigkeitsgasse 7, 5700 Zell am See, \u00d6sterreich ","footnotes":""},"class_list":["post-256","page","type-page","status-publish","hentry"],"acf":[],"yoast_head":"<!-- This site is optimized with the Yoast SEO plugin v27.1.1 - https:\/\/yoast.com\/product\/yoast-seo-wordpress\/ -->\n<title>Imprint - Der Baron<\/title>\n<meta name=\"robots\" content=\"index, follow, max-snippet:-1, max-image-preview:large, max-video-preview:-1\" \/>\n<link rel=\"canonical\" href=\"https:\/\/www.der-baron.at\/en\/imprint\/\" \/>\n<meta property=\"og:locale\" content=\"en_US\" \/>\n<meta property=\"og:type\" content=\"article\" \/>\n<meta property=\"og:title\" content=\"Imprint - Der Baron\" \/>\n<meta property=\"og:description\" content=\"Imprint Information obligation according to \u00a75 E-Commerce Law (ECG), \u00a714 Corporate Code or \u00a763 Trade Regulations and Disclosure Obligation according to \u00a725 Media Act Der Baron OG Represented by: Andreas Fr\u00fchwirt &amp; Axel Kronberger Glocknerstra\u00dfe 645671 Bruck an der Glocknerstra\u00dfe Phone: +43 664 524 66 67E-Mail: office@knoedelbaron.at www.der-baron.at Legal form: OGCompany register: FN 331675 hUID: [&hellip;]\" \/>\n<meta property=\"og:url\" content=\"https:\/\/www.der-baron.at\/en\/imprint\/\" \/>\n<meta property=\"og:site_name\" content=\"Der Baron\" \/>\n<meta property=\"article:modified_time\" content=\"2025-12-02T10:45:49+00:00\" \/>\n<meta name=\"twitter:card\" content=\"summary_large_image\" \/>\n<meta name=\"twitter:label1\" content=\"Est. reading time\" \/>\n\t<meta name=\"twitter:data1\" content=\"4 minutes\" \/>\n<script type=\"application\/ld+json\" class=\"yoast-schema-graph\">{\"@context\":\"https:\/\/schema.org\",\"@graph\":[{\"@type\":\"WebPage\",\"@id\":\"https:\/\/www.der-baron.at\/en\/imprint\/\",\"url\":\"https:\/\/www.der-baron.at\/en\/imprint\/\",\"name\":\"Imprint - Der Baron\",\"isPartOf\":{\"@id\":\"https:\/\/www.der-baron.at\/en\/#website\"},\"datePublished\":\"2025-08-19T12:04:24+00:00\",\"dateModified\":\"2025-12-02T10:45:49+00:00\",\"breadcrumb\":{\"@id\":\"https:\/\/www.der-baron.at\/en\/imprint\/#breadcrumb\"},\"inLanguage\":\"en-US\",\"potentialAction\":[{\"@type\":\"ReadAction\",\"target\":[\"https:\/\/www.der-baron.at\/en\/imprint\/\"]}]},{\"@type\":\"BreadcrumbList\",\"@id\":\"https:\/\/www.der-baron.at\/en\/imprint\/#breadcrumb\",\"itemListElement\":[{\"@type\":\"ListItem\",\"position\":1,\"name\":\"Startseite\",\"item\":\"https:\/\/www.der-baron.at\/en\/\"},{\"@type\":\"ListItem\",\"position\":2,\"name\":\"Imprint\"}]},{\"@type\":\"WebSite\",\"@id\":\"https:\/\/www.der-baron.at\/en\/#website\",\"url\":\"https:\/\/www.der-baron.at\/en\/\",\"name\":\"Der Baron\",\"description\":\"\",\"publisher\":{\"@id\":\"https:\/\/www.der-baron.at\/en\/#organization\"},\"potentialAction\":[{\"@type\":\"SearchAction\",\"target\":{\"@type\":\"EntryPoint\",\"urlTemplate\":\"https:\/\/www.der-baron.at\/en\/?s={search_term_string}\"},\"query-input\":{\"@type\":\"PropertyValueSpecification\",\"valueRequired\":true,\"valueName\":\"search_term_string\"}}],\"inLanguage\":\"en-US\"},{\"@type\":\"Organization\",\"@id\":\"https:\/\/www.der-baron.at\/en\/#organization\",\"name\":\"Der Baron\",\"url\":\"https:\/\/www.der-baron.at\/en\/\",\"logo\":{\"@type\":\"ImageObject\",\"inLanguage\":\"en-US\",\"@id\":\"https:\/\/www.der-baron.at\/en\/#\/schema\/logo\/image\/\",\"url\":\"https:\/\/www.der-baron.at\/wp-content\/uploads\/2025\/08\/der-baron-logo.svg\",\"contentUrl\":\"https:\/\/www.der-baron.at\/wp-content\/uploads\/2025\/08\/der-baron-logo.svg\",\"width\":73,\"height\":75,\"caption\":\"Der Baron\"},\"image\":{\"@id\":\"https:\/\/www.der-baron.at\/en\/#\/schema\/logo\/image\/\"}}]}<\/script>\n<!-- \/ Yoast SEO plugin. -->","yoast_head_json":{"title":"Imprint - Der Baron","robots":{"index":"index","follow":"follow","max-snippet":"max-snippet:-1","max-image-preview":"max-image-preview:large","max-video-preview":"max-video-preview:-1"},"canonical":"https:\/\/www.der-baron.at\/en\/imprint\/","og_locale":"en_US","og_type":"article","og_title":"Imprint - Der Baron","og_description":"Imprint Information obligation according to \u00a75 E-Commerce Law (ECG), \u00a714 Corporate Code or \u00a763 Trade Regulations and Disclosure Obligation according to \u00a725 Media Act Der Baron OG Represented by: Andreas Fr\u00fchwirt &amp; Axel Kronberger Glocknerstra\u00dfe 645671 Bruck an der Glocknerstra\u00dfe Phone: +43 664 524 66 67E-Mail: office@knoedelbaron.at www.der-baron.at Legal form: OGCompany register: FN 331675 hUID: [&hellip;]","og_url":"https:\/\/www.der-baron.at\/en\/imprint\/","og_site_name":"Der Baron","article_modified_time":"2025-12-02T10:45:49+00:00","twitter_card":"summary_large_image","twitter_misc":{"Est. reading time":"4 minutes"},"schema":{"@context":"https:\/\/schema.org","@graph":[{"@type":"WebPage","@id":"https:\/\/www.der-baron.at\/en\/imprint\/","url":"https:\/\/www.der-baron.at\/en\/imprint\/","name":"Imprint - Der Baron","isPartOf":{"@id":"https:\/\/www.der-baron.at\/en\/#website"},"datePublished":"2025-08-19T12:04:24+00:00","dateModified":"2025-12-02T10:45:49+00:00","breadcrumb":{"@id":"https:\/\/www.der-baron.at\/en\/imprint\/#breadcrumb"},"inLanguage":"en-US","potentialAction":[{"@type":"ReadAction","target":["https:\/\/www.der-baron.at\/en\/imprint\/"]}]},{"@type":"BreadcrumbList","@id":"https:\/\/www.der-baron.at\/en\/imprint\/#breadcrumb","itemListElement":[{"@type":"ListItem","position":1,"name":"Startseite","item":"https:\/\/www.der-baron.at\/en\/"},{"@type":"ListItem","position":2,"name":"Imprint"}]},{"@type":"WebSite","@id":"https:\/\/www.der-baron.at\/en\/#website","url":"https:\/\/www.der-baron.at\/en\/","name":"Der Baron","description":"","publisher":{"@id":"https:\/\/www.der-baron.at\/en\/#organization"},"potentialAction":[{"@type":"SearchAction","target":{"@type":"EntryPoint","urlTemplate":"https:\/\/www.der-baron.at\/en\/?s={search_term_string}"},"query-input":{"@type":"PropertyValueSpecification","valueRequired":true,"valueName":"search_term_string"}}],"inLanguage":"en-US"},{"@type":"Organization","@id":"https:\/\/www.der-baron.at\/en\/#organization","name":"Der Baron","url":"https:\/\/www.der-baron.at\/en\/","logo":{"@type":"ImageObject","inLanguage":"en-US","@id":"https:\/\/www.der-baron.at\/en\/#\/schema\/logo\/image\/","url":"https:\/\/www.der-baron.at\/wp-content\/uploads\/2025\/08\/der-baron-logo.svg","contentUrl":"https:\/\/www.der-baron.at\/wp-content\/uploads\/2025\/08\/der-baron-logo.svg","width":73,"height":75,"caption":"Der Baron"},"image":{"@id":"https:\/\/www.der-baron.at\/en\/#\/schema\/logo\/image\/"}}]}},"_links":{"self":[{"href":"https:\/\/www.der-baron.at\/en\/wp-json\/wp\/v2\/pages\/256","targetHints":{"allow":["GET"]}}],"collection":[{"href":"https:\/\/www.der-baron.at\/en\/wp-json\/wp\/v2\/pages"}],"about":[{"href":"https:\/\/www.der-baron.at\/en\/wp-json\/wp\/v2\/types\/page"}],"author":[{"embeddable":true,"href":"https:\/\/www.der-baron.at\/en\/wp-json\/wp\/v2\/users\/1"}],"replies":[{"embeddable":true,"href":"https:\/\/www.der-baron.at\/en\/wp-json\/wp\/v2\/comments?post=256"}],"version-history":[{"count":4,"href":"https:\/\/www.der-baron.at\/en\/wp-json\/wp\/v2\/pages\/256\/revisions"}],"predecessor-version":[{"id":986,"href":"https:\/\/www.der-baron.at\/en\/wp-json\/wp\/v2\/pages\/256\/revisions\/986"}],"wp:attachment":[{"href":"https:\/\/www.der-baron.at\/en\/wp-json\/wp\/v2\/media?parent=256"}],"curies":[{"name":"wp","href":"https:\/\/api.w.org\/{rel}","templated":true}]}}